{"id":7038,"date":"2021-01-08T14:30:00","date_gmt":"2021-01-08T13:30:00","guid":{"rendered":"https:\/\/www.geoparc-chablais.com\/?page_id=7038"},"modified":"2021-07-07T15:46:52","modified_gmt":"2021-07-07T13:46:52","slug":"what-is-a-geopark","status":"publish","type":"page","link":"https:\/\/www.geoparc-chablais.com\/en\/what-is-a-geopark\/","title":{"rendered":"What is a Geopark ?"},"content":{"rendered":"<div class=\"block block-core-heading\">\n<h2 class=\"has-text-color wp-block-heading\" style=\"color:#eb5954\">UNESCO Global Geopark<\/h2>\n<\/div>\n\n<div class=\"block block-genesis-custom-blocks-lien-image\"><div class=\"lien-image\" style=\"background-image: url('https:\/\/www.geoparc-chablais.com\/app\/uploads\/2020\/07\/Les-rives-du-L\u00e9man-\u00e0-Yvoire-c-OT-Destination-L\u00e9man-A-Berger-1.jpg') \">\r\n\t<a href=\"https:\/\/www.geoparc-chablais.com\/en\/definition-missions-and-history\/\"><span>D\u00e9finition Mission<\/span><\/a>\r\n<\/div><\/div>\n\n<div class=\"block block-genesis-custom-blocks-lien-image\"><div class=\"lien-image\" style=\"background-image: url('https:\/\/www.geoparc-chablais.com\/app\/uploads\/2020\/06\/chateaux_allinges.jpg') \">\r\n\t<a href=\"https:\/\/www.geoparc-chablais.com\/en\/the-global-european-and-french-networks\/\"><span>Les r\u00e9seaux mondiaux, europ\u00e9ens et fran\u00e7ais<\/span><\/a>\r\n<\/div><\/div>\n\n<div class=\"block block-core-heading\">\n<h2 class=\"has-text-color wp-block-heading\" style=\"color:#eb5954\">Chablais Geopark<\/h2>\n<\/div>\n\n<div class=\"block block-genesis-custom-blocks-lien-image\"><div class=\"lien-image\" style=\"background-image: url('https:\/\/www.geoparc-chablais.com\/app\/uploads\/2020\/05\/Panorama_de_Champeillant.jpg') \">\r\n\t<a href=\"https:\/\/www.geoparc-chablais.com\/en\/the-chablais-labelled-by-unesco\/\"><span>The Chablais labelled by UNESCO<\/span><\/a>\r\n<\/div><\/div>\n\n<div class=\"block block-genesis-custom-blocks-lien-image\"><div class=\"lien-image\" style=\"background-image: url('https:\/\/www.geoparc-chablais.com\/app\/uploads\/2020\/05\/Vue_lac_Bernex.jpg') \">\r\n\t<a href=\"https:\/\/www.geoparc-chablais.com\/en\/here-the-alps-tell-a-story\/\"><span>Here, the Alps tell a story<\/span><\/a>\r\n<\/div><\/div>\n\n<div class=\"block block-genesis-custom-blocks-lien-image\"><div class=\"lien-image\" style=\"background-image: url('https:\/\/www.geoparc-chablais.com\/app\/uploads\/2020\/06\/Ripaille_@antoineBerger.jpg') \">\r\n\t<a href=\"https:\/\/www.geoparc-chablais.com\/en\/how-the-chablais-geopark-operates\/\"><span>How the Chablais Geopark operates<\/span><\/a>\r\n<\/div><\/div>","protected":false},"excerpt":{"rendered":"<p>UNESCO Global Geopark Chablais Geopark<\/p>\n","protected":false},"author":3,"featured_media":1194,"parent":0,"menu_order":0,"comment_status":"closed","ping_status":"closed","template":"page-full.php","meta":{"_acf_changed":false,"_monsterinsights_skip_tracking":false,"_monsterinsights_sitenote_active":false,"_monsterinsights_sitenote_note":"","_monsterinsights_sitenote_category":0,"footnotes":""},"class_list":["post-7038","page","type-page","status-publish","has-post-thumbnail","hentry"],"acf":[],"yoast_head":"<!-- This site is optimized with the Yoast SEO plugin v24.7 - https:\/\/yoast.com\/wordpress\/plugins\/seo\/ -->\n<title>What is a Geopark ? - G\u00e9oparc du Chablais<\/title>\n<meta name=\"robots\" content=\"index, follow, max-snippet:-1, max-image-preview:large, max-video-preview:-1\" \/>\n<link rel=\"canonical\" href=\"https:\/\/www.geoparc-chablais.com\/en\/what-is-a-geopark\/\" \/>\n<meta property=\"og:locale\" content=\"en_US\" \/>\n<meta property=\"og:type\" content=\"article\" \/>\n<meta property=\"og:title\" content=\"What is a Geopark ? - G\u00e9oparc du Chablais\" \/>\n<meta property=\"og:description\" content=\"UNESCO Global Geopark Chablais Geopark\" \/>\n<meta property=\"og:url\" content=\"https:\/\/www.geoparc-chablais.com\/en\/what-is-a-geopark\/\" \/>\n<meta property=\"og:site_name\" content=\"G\u00e9oparc du Chablais\" \/>\n<meta property=\"article:modified_time\" content=\"2021-07-07T13:46:52+00:00\" \/>\n<meta property=\"og:image\" content=\"https:\/\/www.geoparc-chablais.com\/app\/uploads\/2020\/06\/Lac-leman_yvoire_adobe_stock.jpg\" \/>\n\t<meta property=\"og:image:width\" content=\"1920\" \/>\n\t<meta property=\"og:image:height\" content=\"1080\" \/>\n\t<meta property=\"og:image:type\" content=\"image\/jpeg\" \/>\n<meta name=\"twitter:card\" content=\"summary_large_image\" \/>\n<script type=\"application\/ld+json\" class=\"yoast-schema-graph\">{\"@context\":\"https:\/\/schema.org\",\"@graph\":[{\"@type\":\"WebPage\",\"@id\":\"https:\/\/www.geoparc-chablais.com\/en\/what-is-a-geopark\/\",\"url\":\"https:\/\/www.geoparc-chablais.com\/en\/what-is-a-geopark\/\",\"name\":\"What is a Geopark ? - G\u00e9oparc du Chablais\",\"isPartOf\":{\"@id\":\"https:\/\/www.geoparc-chablais.com\/en\/#website\"},\"primaryImageOfPage\":{\"@id\":\"https:\/\/www.geoparc-chablais.com\/en\/what-is-a-geopark\/#primaryimage\"},\"image\":{\"@id\":\"https:\/\/www.geoparc-chablais.com\/en\/what-is-a-geopark\/#primaryimage\"},\"thumbnailUrl\":\"https:\/\/www.geoparc-chablais.com\/app\/uploads\/2020\/06\/Lac-leman_yvoire_adobe_stock.jpg\",\"datePublished\":\"2021-01-08T13:30:00+00:00\",\"dateModified\":\"2021-07-07T13:46:52+00:00\",\"breadcrumb\":{\"@id\":\"https:\/\/www.geoparc-chablais.com\/en\/what-is-a-geopark\/#breadcrumb\"},\"inLanguage\":\"en-US\",\"potentialAction\":[{\"@type\":\"ReadAction\",\"target\":[\"https:\/\/www.geoparc-chablais.com\/en\/what-is-a-geopark\/\"]}]},{\"@type\":\"ImageObject\",\"inLanguage\":\"en-US\",\"@id\":\"https:\/\/www.geoparc-chablais.com\/en\/what-is-a-geopark\/#primaryimage\",\"url\":\"https:\/\/www.geoparc-chablais.com\/app\/uploads\/2020\/06\/Lac-leman_yvoire_adobe_stock.jpg\",\"contentUrl\":\"https:\/\/www.geoparc-chablais.com\/app\/uploads\/2020\/06\/Lac-leman_yvoire_adobe_stock.jpg\",\"width\":1920,\"height\":1080,\"caption\":\"Yvoire and its castle\"},{\"@type\":\"BreadcrumbList\",\"@id\":\"https:\/\/www.geoparc-chablais.com\/en\/what-is-a-geopark\/#breadcrumb\",\"itemListElement\":[{\"@type\":\"ListItem\",\"position\":1,\"name\":\"Homepage\",\"item\":\"https:\/\/www.geoparc-chablais.com\/en\/\"},{\"@type\":\"ListItem\",\"position\":2,\"name\":\"What is a Geopark ?\"}]},{\"@type\":\"WebSite\",\"@id\":\"https:\/\/www.geoparc-chablais.com\/en\/#website\",\"url\":\"https:\/\/www.geoparc-chablais.com\/en\/\",\"name\":\"G\u00e9oparc du Chablais\",\"description\":\"\",\"publisher\":{\"@id\":\"https:\/\/www.geoparc-chablais.com\/en\/#organization\"},\"potentialAction\":[{\"@type\":\"SearchAction\",\"target\":{\"@type\":\"EntryPoint\",\"urlTemplate\":\"https:\/\/www.geoparc-chablais.com\/en\/?s={search_term_string}\"},\"query-input\":{\"@type\":\"PropertyValueSpecification\",\"valueRequired\":true,\"valueName\":\"search_term_string\"}}],\"inLanguage\":\"en-US\"},{\"@type\":\"Organization\",\"@id\":\"https:\/\/www.geoparc-chablais.com\/en\/#organization\",\"name\":\"G\u00e9oparc du Chablais\",\"url\":\"https:\/\/www.geoparc-chablais.com\/en\/\",\"logo\":{\"@type\":\"ImageObject\",\"inLanguage\":\"en-US\",\"@id\":\"https:\/\/www.geoparc-chablais.com\/en\/#\/schema\/logo\/image\/\",\"url\":\"https:\/\/www.geoparc-chablais.com\/app\/uploads\/2022\/01\/2021_logoGeoparc_UnescoMondial_Color.png\",\"contentUrl\":\"https:\/\/www.geoparc-chablais.com\/app\/uploads\/2022\/01\/2021_logoGeoparc_UnescoMondial_Color.png\",\"width\":1833,\"height\":628,\"caption\":\"G\u00e9oparc du Chablais\"},\"image\":{\"@id\":\"https:\/\/www.geoparc-chablais.com\/en\/#\/schema\/logo\/image\/\"}}]}<\/script>\n<!-- \/ Yoast SEO plugin. -->","yoast_head_json":{"title":"What is a Geopark ? - G\u00e9oparc du Chablais","robots":{"index":"index","follow":"follow","max-snippet":"max-snippet:-1","max-image-preview":"max-image-preview:large","max-video-preview":"max-video-preview:-1"},"canonical":"https:\/\/www.geoparc-chablais.com\/en\/what-is-a-geopark\/","og_locale":"en_US","og_type":"article","og_title":"What is a Geopark ? - G\u00e9oparc du Chablais","og_description":"UNESCO Global Geopark Chablais Geopark","og_url":"https:\/\/www.geoparc-chablais.com\/en\/what-is-a-geopark\/","og_site_name":"G\u00e9oparc du Chablais","article_modified_time":"2021-07-07T13:46:52+00:00","og_image":[{"width":1920,"height":1080,"url":"https:\/\/www.geoparc-chablais.com\/app\/uploads\/2020\/06\/Lac-leman_yvoire_adobe_stock.jpg","type":"image\/jpeg"}],"twitter_card":"summary_large_image","schema":{"@context":"https:\/\/schema.org","@graph":[{"@type":"WebPage","@id":"https:\/\/www.geoparc-chablais.com\/en\/what-is-a-geopark\/","url":"https:\/\/www.geoparc-chablais.com\/en\/what-is-a-geopark\/","name":"What is a Geopark ? - G\u00e9oparc du Chablais","isPartOf":{"@id":"https:\/\/www.geoparc-chablais.com\/en\/#website"},"primaryImageOfPage":{"@id":"https:\/\/www.geoparc-chablais.com\/en\/what-is-a-geopark\/#primaryimage"},"image":{"@id":"https:\/\/www.geoparc-chablais.com\/en\/what-is-a-geopark\/#primaryimage"},"thumbnailUrl":"https:\/\/www.geoparc-chablais.com\/app\/uploads\/2020\/06\/Lac-leman_yvoire_adobe_stock.jpg","datePublished":"2021-01-08T13:30:00+00:00","dateModified":"2021-07-07T13:46:52+00:00","breadcrumb":{"@id":"https:\/\/www.geoparc-chablais.com\/en\/what-is-a-geopark\/#breadcrumb"},"inLanguage":"en-US","potentialAction":[{"@type":"ReadAction","target":["https:\/\/www.geoparc-chablais.com\/en\/what-is-a-geopark\/"]}]},{"@type":"ImageObject","inLanguage":"en-US","@id":"https:\/\/www.geoparc-chablais.com\/en\/what-is-a-geopark\/#primaryimage","url":"https:\/\/www.geoparc-chablais.com\/app\/uploads\/2020\/06\/Lac-leman_yvoire_adobe_stock.jpg","contentUrl":"https:\/\/www.geoparc-chablais.com\/app\/uploads\/2020\/06\/Lac-leman_yvoire_adobe_stock.jpg","width":1920,"height":1080,"caption":"Yvoire and its castle"},{"@type":"BreadcrumbList","@id":"https:\/\/www.geoparc-chablais.com\/en\/what-is-a-geopark\/#breadcrumb","itemListElement":[{"@type":"ListItem","position":1,"name":"Homepage","item":"https:\/\/www.geoparc-chablais.com\/en\/"},{"@type":"ListItem","position":2,"name":"What is a Geopark ?"}]},{"@type":"WebSite","@id":"https:\/\/www.geoparc-chablais.com\/en\/#website","url":"https:\/\/www.geoparc-chablais.com\/en\/","name":"G\u00e9oparc du Chablais","description":"","publisher":{"@id":"https:\/\/www.geoparc-chablais.com\/en\/#organization"},"potentialAction":[{"@type":"SearchAction","target":{"@type":"EntryPoint","urlTemplate":"https:\/\/www.geoparc-chablais.com\/en\/?s={search_term_string}"},"query-input":{"@type":"PropertyValueSpecification","valueRequired":true,"valueName":"search_term_string"}}],"inLanguage":"en-US"},{"@type":"Organization","@id":"https:\/\/www.geoparc-chablais.com\/en\/#organization","name":"G\u00e9oparc du Chablais","url":"https:\/\/www.geoparc-chablais.com\/en\/","logo":{"@type":"ImageObject","inLanguage":"en-US","@id":"https:\/\/www.geoparc-chablais.com\/en\/#\/schema\/logo\/image\/","url":"https:\/\/www.geoparc-chablais.com\/app\/uploads\/2022\/01\/2021_logoGeoparc_UnescoMondial_Color.png","contentUrl":"https:\/\/www.geoparc-chablais.com\/app\/uploads\/2022\/01\/2021_logoGeoparc_UnescoMondial_Color.png","width":1833,"height":628,"caption":"G\u00e9oparc du Chablais"},"image":{"@id":"https:\/\/www.geoparc-chablais.com\/en\/#\/schema\/logo\/image\/"}}]}},"featured_image_src":"https:\/\/www.geoparc-chablais.com\/app\/uploads\/2020\/06\/Lac-leman_yvoire_adobe_stock.jpg","featured_image_src_square":"https:\/\/www.geoparc-chablais.com\/app\/uploads\/2020\/06\/Lac-leman_yvoire_adobe_stock.jpg","_links":{"self":[{"href":"https:\/\/www.geoparc-chablais.com\/en\/wp-json\/wp\/v2\/pages\/7038","targetHints":{"allow":["GET"]}}],"collection":[{"href":"https:\/\/www.geoparc-chablais.com\/en\/wp-json\/wp\/v2\/pages"}],"about":[{"href":"https:\/\/www.geoparc-chablais.com\/en\/wp-json\/wp\/v2\/types\/page"}],"author":[{"embeddable":true,"href":"https:\/\/www.geoparc-chablais.com\/en\/wp-json\/wp\/v2\/users\/3"}],"replies":[{"embeddable":true,"href":"https:\/\/www.geoparc-chablais.com\/en\/wp-json\/wp\/v2\/comments?post=7038"}],"version-history":[{"count":5,"href":"https:\/\/www.geoparc-chablais.com\/en\/wp-json\/wp\/v2\/pages\/7038\/revisions"}],"predecessor-version":[{"id":8194,"href":"https:\/\/www.geoparc-chablais.com\/en\/wp-json\/wp\/v2\/pages\/7038\/revisions\/8194"}],"wp:featuredmedia":[{"embeddable":true,"href":"https:\/\/www.geoparc-chablais.com\/en\/wp-json\/wp\/v2\/media\/1194"}],"wp:attachment":[{"href":"https:\/\/www.geoparc-chablais.com\/en\/wp-json\/wp\/v2\/media?parent=7038"}],"curies":[{"name":"wp","href":"https:\/\/api.w.org\/{rel}","templated":true}]}}