{"id":6948,"date":"2021-01-07T11:41:00","date_gmt":"2021-01-07T10:41:00","guid":{"rendered":"https:\/\/www.geoparc-chablais.com\/?page_id=6948"},"modified":"2021-07-07T15:46:51","modified_gmt":"2021-07-07T13:46:51","slug":"the-global-european-and-french-networks","status":"publish","type":"page","link":"https:\/\/www.geoparc-chablais.com\/en\/what-is-a-geopark\/the-global-european-and-french-networks\/","title":{"rendered":"The global, European, and French networks"},"content":{"rendered":"<div class=\"block block-genesis-custom-blocks-introduction\"><div class=\"introduction\"><p>One of the fundamental features of a UNESCO Global Geopark is its commitment to cooperation through global, regional, and national networks.<\/p>\n<\/div><\/div>\n\n<p>Collaboration between Geoparks is essential to encourage the sharing of best practices and discovery of innovative ways to carry out their missions.<\/p>\n\n\n<div class=\"wp-block-image\"><figure class=\"aligncenter size-large\"><img loading=\"lazy\" decoding=\"async\" width=\"1024\" height=\"693\" src=\"https:\/\/www.geoparc-chablais.com\/app\/uploads\/2020\/07\/Carte_GGN_members_2018-1024x693.jpg\" alt=\"\" class=\"wp-image-3133\" srcset=\"https:\/\/www.geoparc-chablais.com\/app\/uploads\/2020\/07\/Carte_GGN_members_2018-1024x693.jpg 1024w, https:\/\/www.geoparc-chablais.com\/app\/uploads\/2020\/07\/Carte_GGN_members_2018-300x203.jpg 300w, https:\/\/www.geoparc-chablais.com\/app\/uploads\/2020\/07\/Carte_GGN_members_2018-768x520.jpg 768w, https:\/\/www.geoparc-chablais.com\/app\/uploads\/2020\/07\/Carte_GGN_members_2018-1536x1039.jpg 1536w, https:\/\/www.geoparc-chablais.com\/app\/uploads\/2020\/07\/Carte_GGN_members_2018-645x436.jpg 645w, https:\/\/www.geoparc-chablais.com\/app\/uploads\/2020\/07\/Carte_GGN_members_2018-800x541.jpg 800w, https:\/\/www.geoparc-chablais.com\/app\/uploads\/2020\/07\/Carte_GGN_members_2018-1110x751.jpg 1110w, https:\/\/www.geoparc-chablais.com\/app\/uploads\/2020\/07\/Carte_GGN_members_2018.jpg 1920w\" sizes=\"auto, (max-width: 1024px) 100vw, 1024px\" \/><\/figure><\/div>\n\n\n<div class=\"block block-core-columns align-wrap align-wrap-wide\">\n<div class=\"wp-block-columns alignwide are-vertically-aligned-center is-layout-flex wp-container-core-columns-is-layout-9d6595d7 wp-block-columns-is-layout-flex\"><div class=\"block block-core-column\">\n<div class=\"wp-block-column is-vertically-aligned-center is-layout-flow wp-block-column-is-layout-flow\"><div class=\"block block-core-heading\">\n<h2 class=\"has-text-align-right has-text-color wp-block-heading\" style=\"color:#eb5954\">The global network<\/h2>\n<\/div><\/div>\n<\/div>\n\n<div class=\"block block-core-column\">\n<div class=\"wp-block-column is-vertically-aligned-center is-layout-flow wp-block-column-is-layout-flow\">\n<figure class=\"wp-block-image size-large\"><a href=\"http:\/\/globalgeoparksnetwork.org\/\" target=\"_blank\" rel=\"noreferrer noopener\"><img loading=\"lazy\" decoding=\"async\" width=\"120\" height=\"83\" src=\"https:\/\/www.geoparc-chablais.com\/app\/uploads\/2020\/05\/Logo_GGN.png\" alt=\"Logo Global Geopark Network\" class=\"wp-image-593\"\/><\/a><\/figure>\n<\/div>\n<\/div><\/div>\n<\/div>\n\n<p>The <a href=\"http:\/\/www.globalgeopark.org\/index.htm\">Global Geoparks Network<\/a> (GGN) was founded in 2004. It is a dynamic network that now includes 161 UNESCO Global Geoparks in 44 countries.<\/p>\n<p>Its members work together to promote the label&#8217;s visibility and quality. They meet every two years at a congress during which commissions discuss ways to improve and develop joint tools.<\/p>\n\n<div class=\"block block-core-columns align-wrap align-wrap-wide\">\n<div class=\"wp-block-columns alignwide are-vertically-aligned-center is-layout-flex wp-container-core-columns-is-layout-9d6595d7 wp-block-columns-is-layout-flex\"><div class=\"block block-core-column\">\n<div class=\"wp-block-column is-vertically-aligned-center is-layout-flow wp-block-column-is-layout-flow\"><div class=\"block block-core-heading\">\n<h2 class=\"has-text-align-right has-text-color wp-block-heading\" style=\"color:#eb5954\">The European network<\/h2>\n<\/div><\/div>\n<\/div>\n\n<div class=\"block block-core-column\">\n<div class=\"wp-block-column is-vertically-aligned-center is-layout-flow wp-block-column-is-layout-flow\">\n<figure class=\"wp-block-image size-large is-resized\"><a href=\"http:\/\/www.europeangeoparks.org\/\" target=\"_blank\" rel=\"noreferrer noopener\"><img decoding=\"async\" src=\"https:\/\/www.geoparc-chablais.com\/app\/uploads\/2020\/06\/EGN_logo-Couleur.png\" alt=\"Logo European Geoparks\" class=\"wp-image-1145\" width=\"120\" srcset=\"https:\/\/www.geoparc-chablais.com\/app\/uploads\/2020\/06\/EGN_logo-Couleur.png 250w, https:\/\/www.geoparc-chablais.com\/app\/uploads\/2020\/06\/EGN_logo-Couleur-150x150.png 150w\" sizes=\"(max-width: 250px) 100vw, 250px\" \/><\/a><\/figure>\n<\/div>\n<\/div><\/div>\n<\/div>\n\n<p>The <a href=\"http:\/\/www.europeangeoparks.org\/\">European Geoparks Network<\/a> (EGN) was created in 2000 by four European Geoparks.<\/p>\n<p>This network now has 74 Geoparks in 24 European countries. Its members meet twice a year.<\/p>\n<p>Other regional networks have also emerged: the <a href=\"http:\/\/asiapacificgeoparks.org\/\">Asia Pacific Geoparks Network<\/a>, the Latin America and Caribbean Geoparks Network, and (since 2019) an African Geoparks Network.<\/p>\n\n<div class=\"block block-core-columns align-wrap align-wrap-wide\">\n<div class=\"wp-block-columns alignwide are-vertically-aligned-center is-layout-flex wp-container-core-columns-is-layout-9d6595d7 wp-block-columns-is-layout-flex\"><div class=\"block block-core-column\">\n<div class=\"wp-block-column is-vertically-aligned-center is-layout-flow wp-block-column-is-layout-flow\"><div class=\"block block-core-heading\">\n<h2 class=\"has-text-align-right has-text-color wp-block-heading\" id=\"reseaufrance\" style=\"color:#eb5954\">The French network<\/h2>\n<\/div><\/div>\n<\/div>\n\n<div class=\"block block-core-column\">\n<div class=\"wp-block-column is-vertically-aligned-center is-layout-flow wp-block-column-is-layout-flow\">\n<figure class=\"wp-block-image size-large is-resized\"><a href=\"http:\/\/geopark-cngf.blogspot.com\/\" target=\"_blank\" rel=\"noreferrer noopener\"><img decoding=\"async\" src=\"https:\/\/www.geoparc-chablais.com\/app\/uploads\/2020\/05\/Logo_UNESCO_ChablaisG\u00e9oparcmondial.png\" alt=\"Logo de UNESCO G\u00e9oparc mondial du Chablais\" class=\"wp-image-589\" width=\"120\" srcset=\"https:\/\/www.geoparc-chablais.com\/app\/uploads\/2020\/05\/Logo_UNESCO_ChablaisG\u00e9oparcmondial.png 811w, https:\/\/www.geoparc-chablais.com\/app\/uploads\/2020\/05\/Logo_UNESCO_ChablaisG\u00e9oparcmondial-300x210.png 300w, https:\/\/www.geoparc-chablais.com\/app\/uploads\/2020\/05\/Logo_UNESCO_ChablaisG\u00e9oparcmondial-768x537.png 768w, https:\/\/www.geoparc-chablais.com\/app\/uploads\/2020\/05\/Logo_UNESCO_ChablaisG\u00e9oparcmondial-645x451.png 645w, https:\/\/www.geoparc-chablais.com\/app\/uploads\/2020\/05\/Logo_UNESCO_ChablaisG\u00e9oparcmondial-800x559.png 800w\" sizes=\"(max-width: 811px) 100vw, 811px\" \/><\/a><\/figure>\n<\/div>\n<\/div><\/div>\n<\/div>\n\n<p>The French network includes seven Geoparks represented by the <a href=\"http:\/\/geopark-cngf.blogspot.com\/\">Comit\u00e9 National des G\u00e9oparcs de France<\/a> ( National Committee for the Geoparks of France). These seven areas have a rich geological heritage of international value that helps us better understand how our planet functions.<\/p>\n\n<div class=\"block block-core-quote\">\n<blockquote class=\"wp-block-quote is-layout-flow wp-block-quote-is-layout-flow\"><p><em>&#8220;Our history and the history of the Earth cannot be separated. Its origins are our origins, its history is our history, and its future will be our future.<\/em>&#8221; <\/p><cite>Dignes-les-Bains Declaration, 1991.<\/cite><\/blockquote>\n<\/div>\n\n<div class=\"block block-core-heading\">\n<h3 class=\"wp-block-heading\">Discover France&#8217;s UNESCO Global Geoparks, <em>&#8220;<\/em>Territories of Resilience<em>&#8220;<\/em><\/h3>\n<\/div>\n\n<div class=\"block block-core-columns align-wrap align-wrap-full\">\n<div class=\"wp-block-columns alignfull is-layout-flex wp-container-core-columns-is-layout-9d6595d7 wp-block-columns-is-layout-flex\"><div class=\"block block-core-column\">\n<div class=\"wp-block-column is-layout-flow wp-block-column-is-layout-flow\">\n<figure class=\"wp-block-image size-large is-style-circle-mask\"><img loading=\"lazy\" decoding=\"async\" width=\"600\" height=\"449\" src=\"https:\/\/www.geoparc-chablais.com\/app\/uploads\/2020\/06\/Quercy_Igue-de-Cr\u00e9gols.jpg\" alt=\"\" class=\"wp-image-1383\" srcset=\"https:\/\/www.geoparc-chablais.com\/app\/uploads\/2020\/06\/Quercy_Igue-de-Cr\u00e9gols.jpg 600w, https:\/\/www.geoparc-chablais.com\/app\/uploads\/2020\/06\/Quercy_Igue-de-Cr\u00e9gols-300x225.jpg 300w\" sizes=\"auto, (max-width: 600px) 100vw, 600px\" \/><\/figure>\n\n\n<div class=\"block block-core-freeform\">\n<p style=\"text-align: center;\"><a href=\"https:\/\/uk.parc-causses-du-quercy.fr\/geopark\" target=\"_blank\" rel=\"noopener noreferrer\"><span style=\"color: #eb5954;\">Causses de Quercy Geopark<\/span><\/a><\/p>\n<\/div>\n\n\n<figure class=\"wp-block-image size-large is-style-circle-mask\"><img loading=\"lazy\" decoding=\"async\" width=\"600\" height=\"450\" src=\"https:\/\/www.geoparc-chablais.com\/app\/uploads\/2020\/06\/Haute-provence_Velodrome.jpg\" alt=\"\" class=\"wp-image-1403\" srcset=\"https:\/\/www.geoparc-chablais.com\/app\/uploads\/2020\/06\/Haute-provence_Velodrome.jpg 600w, https:\/\/www.geoparc-chablais.com\/app\/uploads\/2020\/06\/Haute-provence_Velodrome-300x225.jpg 300w\" sizes=\"auto, (max-width: 600px) 100vw, 600px\" \/><\/figure>\n\n\n<div class=\"block block-core-freeform\">\n<p style=\"text-align: center;\"><a href=\"https:\/\/www.geoparchauteprovence.com\/uk\/s564461993.siteweb-initial.fr\/index.html\" target=\"_blank\" rel=\"noopener noreferrer\"><span style=\"color: #eb5954;\">Haute-Provence Geopark<\/span><\/a><\/p>\n<\/div><\/div>\n<\/div>\n\n<div class=\"block block-core-column\">\n<div class=\"wp-block-column is-layout-flow wp-block-column-is-layout-flow\">\n<figure class=\"wp-block-image size-large is-style-circle-mask\"><img loading=\"lazy\" decoding=\"async\" width=\"600\" height=\"450\" src=\"https:\/\/www.geoparc-chablais.com\/app\/uploads\/2020\/06\/Mont-Ardeche_Coul\u00e9e-vive-Jaujac.jpg\" alt=\"\" class=\"wp-image-1386\" srcset=\"https:\/\/www.geoparc-chablais.com\/app\/uploads\/2020\/06\/Mont-Ardeche_Coul\u00e9e-vive-Jaujac.jpg 600w, https:\/\/www.geoparc-chablais.com\/app\/uploads\/2020\/06\/Mont-Ardeche_Coul\u00e9e-vive-Jaujac-300x225.jpg 300w\" sizes=\"auto, (max-width: 600px) 100vw, 600px\" \/><\/figure>\n\n\n<div class=\"block block-core-freeform\">\n<p style=\"text-align: center;\"><a href=\"http:\/\/www.geopark-monts-ardeche.fr\/accueil-geopark.html\" target=\"_blank\" rel=\"noopener noreferrer\"><span style=\"color: #eb5954;\">Monts d&#8217;Ard\u00e8che Geopark<\/span><\/a><\/p>\n<\/div>\n\n\n<figure class=\"wp-block-image size-large is-style-circle-mask\"><img loading=\"lazy\" decoding=\"async\" width=\"600\" height=\"450\" src=\"https:\/\/www.geoparc-chablais.com\/app\/uploads\/2020\/06\/Beaujolais_Mont-Brouilly.jpg\" alt=\"\" class=\"wp-image-1405\" srcset=\"https:\/\/www.geoparc-chablais.com\/app\/uploads\/2020\/06\/Beaujolais_Mont-Brouilly.jpg 600w, https:\/\/www.geoparc-chablais.com\/app\/uploads\/2020\/06\/Beaujolais_Mont-Brouilly-300x225.jpg 300w\" sizes=\"auto, (max-width: 600px) 100vw, 600px\" \/><\/figure>\n\n\n<div class=\"block block-core-freeform\">\n<p style=\"text-align: center;\"><a href=\"https:\/\/www.geopark-beaujolais.com\/en\/\" target=\"_blank\" rel=\"noopener noreferrer\"><span style=\"color: #eb5954;\">Beaujolais Geopark<\/span><\/a><\/p>\n<\/div><\/div>\n<\/div>\n\n<div class=\"block block-core-column\">\n<div class=\"wp-block-column is-layout-flow wp-block-column-is-layout-flow\">\n<figure class=\"wp-block-image size-large is-style-circle-mask\"><img loading=\"lazy\" decoding=\"async\" width=\"600\" height=\"450\" src=\"https:\/\/www.geoparc-chablais.com\/app\/uploads\/2020\/06\/Luberon_sur-les-ocres-\u00e0-v\u00e9lo.jpg\" alt=\"\" class=\"wp-image-1401\" srcset=\"https:\/\/www.geoparc-chablais.com\/app\/uploads\/2020\/06\/Luberon_sur-les-ocres-\u00e0-v\u00e9lo.jpg 600w, https:\/\/www.geoparc-chablais.com\/app\/uploads\/2020\/06\/Luberon_sur-les-ocres-\u00e0-v\u00e9lo-300x225.jpg 300w\" sizes=\"auto, (max-width: 600px) 100vw, 600px\" \/><\/figure>\n\n\n<div class=\"block block-core-freeform\">\n<p style=\"text-align: center;\"><a href=\"https:\/\/www.parcduluberon.fr\/unesco-geoparc\/?lang=en\" target=\"_blank\" rel=\"noopener noreferrer\"><span style=\"color: #eb5954;\">Lub\u00e9ron Geopark<\/span><\/a><\/p>\n<\/div>\n\n\n<figure class=\"wp-block-image size-large is-style-circle-mask\"><img loading=\"lazy\" decoding=\"async\" width=\"600\" height=\"450\" src=\"https:\/\/www.geoparc-chablais.com\/app\/uploads\/2020\/06\/Bauges_Chaos-du-Ch\u00e9ran.jpg\" alt=\"\" class=\"wp-image-1407\" srcset=\"https:\/\/www.geoparc-chablais.com\/app\/uploads\/2020\/06\/Bauges_Chaos-du-Ch\u00e9ran.jpg 600w, https:\/\/www.geoparc-chablais.com\/app\/uploads\/2020\/06\/Bauges_Chaos-du-Ch\u00e9ran-300x225.jpg 300w\" sizes=\"auto, (max-width: 600px) 100vw, 600px\" \/><\/figure>\n\n\n<div class=\"block block-core-freeform\">\n<p style=\"text-align: center;\"><a href=\"http:\/\/www.parcdesbauges.com\/fr\/\" target=\"_blank\" rel=\"noopener noreferrer\"><span style=\"color: #eb5954;\">Bauges Geopark<\/span><\/a><\/p>\n<\/div><\/div>\n<\/div><\/div>\n<\/div>\n\n<div class=\"block block-core-html\"><\/div>","protected":false},"excerpt":{"rendered":"<p>Collaboration between Geoparks is essential to encourage the sharing of best practices and discovery of [&hellip;]<\/p>\n","protected":false},"author":3,"featured_media":3148,"parent":7038,"menu_order":2,"comment_status":"closed","ping_status":"closed","template":"","meta":{"_acf_changed":false,"_monsterinsights_skip_tracking":false,"_monsterinsights_sitenote_active":false,"_monsterinsights_sitenote_note":"","_monsterinsights_sitenote_category":0,"footnotes":""},"class_list":["post-6948","page","type-page","status-publish","has-post-thumbnail","hentry"],"acf":[],"yoast_head":"<!-- This site is optimized with the Yoast SEO plugin v24.7 - https:\/\/yoast.com\/wordpress\/plugins\/seo\/ -->\n<title>The global, European, and French networks - G\u00e9oparc du Chablais<\/title>\n<meta name=\"robots\" content=\"index, follow, max-snippet:-1, max-image-preview:large, max-video-preview:-1\" \/>\n<link rel=\"canonical\" href=\"https:\/\/www.geoparc-chablais.com\/en\/what-is-a-geopark\/the-global-european-and-french-networks\/\" \/>\n<meta property=\"og:locale\" content=\"en_US\" \/>\n<meta property=\"og:type\" content=\"article\" \/>\n<meta property=\"og:title\" content=\"The global, European, and French networks - G\u00e9oparc du Chablais\" \/>\n<meta property=\"og:description\" content=\"Collaboration between Geoparks is essential to encourage the sharing of best practices and discovery of [&hellip;]\" \/>\n<meta property=\"og:url\" content=\"https:\/\/www.geoparc-chablais.com\/en\/what-is-a-geopark\/the-global-european-and-french-networks\/\" \/>\n<meta property=\"og:site_name\" content=\"G\u00e9oparc du Chablais\" \/>\n<meta property=\"article:modified_time\" content=\"2021-07-07T13:46:51+00:00\" \/>\n<meta property=\"og:image\" content=\"https:\/\/www.geoparc-chablais.com\/app\/uploads\/2020\/07\/Vue-de-la-vall\u00e9e-dAbondance-jusqu\u00e0-Ch\u00e2tel.jpg\" \/>\n\t<meta property=\"og:image:width\" content=\"1920\" \/>\n\t<meta property=\"og:image:height\" content=\"1080\" \/>\n\t<meta property=\"og:image:type\" content=\"image\/jpeg\" \/>\n<meta name=\"twitter:card\" content=\"summary_large_image\" \/>\n<meta name=\"twitter:label1\" content=\"Est. reading time\" \/>\n\t<meta name=\"twitter:data1\" content=\"1 minute\" \/>\n<script type=\"application\/ld+json\" class=\"yoast-schema-graph\">{\"@context\":\"https:\/\/schema.org\",\"@graph\":[{\"@type\":\"WebPage\",\"@id\":\"https:\/\/www.geoparc-chablais.com\/en\/what-is-a-geopark\/the-global-european-and-french-networks\/\",\"url\":\"https:\/\/www.geoparc-chablais.com\/en\/what-is-a-geopark\/the-global-european-and-french-networks\/\",\"name\":\"The global, European, and French networks - G\u00e9oparc du Chablais\",\"isPartOf\":{\"@id\":\"https:\/\/www.geoparc-chablais.com\/en\/#website\"},\"primaryImageOfPage\":{\"@id\":\"https:\/\/www.geoparc-chablais.com\/en\/what-is-a-geopark\/the-global-european-and-french-networks\/#primaryimage\"},\"image\":{\"@id\":\"https:\/\/www.geoparc-chablais.com\/en\/what-is-a-geopark\/the-global-european-and-french-networks\/#primaryimage\"},\"thumbnailUrl\":\"https:\/\/www.geoparc-chablais.com\/app\/uploads\/2020\/07\/Vue-de-la-vall\u00e9e-dAbondance-jusqu\u00e0-Ch\u00e2tel.jpg\",\"datePublished\":\"2021-01-07T10:41:00+00:00\",\"dateModified\":\"2021-07-07T13:46:51+00:00\",\"breadcrumb\":{\"@id\":\"https:\/\/www.geoparc-chablais.com\/en\/what-is-a-geopark\/the-global-european-and-french-networks\/#breadcrumb\"},\"inLanguage\":\"en-US\",\"potentialAction\":[{\"@type\":\"ReadAction\",\"target\":[\"https:\/\/www.geoparc-chablais.com\/en\/what-is-a-geopark\/the-global-european-and-french-networks\/\"]}]},{\"@type\":\"ImageObject\",\"inLanguage\":\"en-US\",\"@id\":\"https:\/\/www.geoparc-chablais.com\/en\/what-is-a-geopark\/the-global-european-and-french-networks\/#primaryimage\",\"url\":\"https:\/\/www.geoparc-chablais.com\/app\/uploads\/2020\/07\/Vue-de-la-vall\u00e9e-dAbondance-jusqu\u00e0-Ch\u00e2tel.jpg\",\"contentUrl\":\"https:\/\/www.geoparc-chablais.com\/app\/uploads\/2020\/07\/Vue-de-la-vall\u00e9e-dAbondance-jusqu\u00e0-Ch\u00e2tel.jpg\",\"width\":1920,\"height\":1080,\"caption\":\"OLYMPUS DIGITAL CAMERA\"},{\"@type\":\"BreadcrumbList\",\"@id\":\"https:\/\/www.geoparc-chablais.com\/en\/what-is-a-geopark\/the-global-european-and-french-networks\/#breadcrumb\",\"itemListElement\":[{\"@type\":\"ListItem\",\"position\":1,\"name\":\"Homepage\",\"item\":\"https:\/\/www.geoparc-chablais.com\/en\/\"},{\"@type\":\"ListItem\",\"position\":2,\"name\":\"What is a Geopark ?\",\"item\":\"https:\/\/www.geoparc-chablais.com\/en\/what-is-a-geopark\/\"},{\"@type\":\"ListItem\",\"position\":3,\"name\":\"The global, European, and French networks\"}]},{\"@type\":\"WebSite\",\"@id\":\"https:\/\/www.geoparc-chablais.com\/en\/#website\",\"url\":\"https:\/\/www.geoparc-chablais.com\/en\/\",\"name\":\"G\u00e9oparc du Chablais\",\"description\":\"\",\"publisher\":{\"@id\":\"https:\/\/www.geoparc-chablais.com\/en\/#organization\"},\"potentialAction\":[{\"@type\":\"SearchAction\",\"target\":{\"@type\":\"EntryPoint\",\"urlTemplate\":\"https:\/\/www.geoparc-chablais.com\/en\/?s={search_term_string}\"},\"query-input\":{\"@type\":\"PropertyValueSpecification\",\"valueRequired\":true,\"valueName\":\"search_term_string\"}}],\"inLanguage\":\"en-US\"},{\"@type\":\"Organization\",\"@id\":\"https:\/\/www.geoparc-chablais.com\/en\/#organization\",\"name\":\"G\u00e9oparc du Chablais\",\"url\":\"https:\/\/www.geoparc-chablais.com\/en\/\",\"logo\":{\"@type\":\"ImageObject\",\"inLanguage\":\"en-US\",\"@id\":\"https:\/\/www.geoparc-chablais.com\/en\/#\/schema\/logo\/image\/\",\"url\":\"https:\/\/www.geoparc-chablais.com\/app\/uploads\/2022\/01\/2021_logoGeoparc_UnescoMondial_Color.png\",\"contentUrl\":\"https:\/\/www.geoparc-chablais.com\/app\/uploads\/2022\/01\/2021_logoGeoparc_UnescoMondial_Color.png\",\"width\":1833,\"height\":628,\"caption\":\"G\u00e9oparc du Chablais\"},\"image\":{\"@id\":\"https:\/\/www.geoparc-chablais.com\/en\/#\/schema\/logo\/image\/\"}}]}<\/script>\n<!-- \/ Yoast SEO plugin. -->","yoast_head_json":{"title":"The global, European, and French networks - G\u00e9oparc du Chablais","robots":{"index":"index","follow":"follow","max-snippet":"max-snippet:-1","max-image-preview":"max-image-preview:large","max-video-preview":"max-video-preview:-1"},"canonical":"https:\/\/www.geoparc-chablais.com\/en\/what-is-a-geopark\/the-global-european-and-french-networks\/","og_locale":"en_US","og_type":"article","og_title":"The global, European, and French networks - G\u00e9oparc du Chablais","og_description":"Collaboration between Geoparks is essential to encourage the sharing of best practices and discovery of [&hellip;]","og_url":"https:\/\/www.geoparc-chablais.com\/en\/what-is-a-geopark\/the-global-european-and-french-networks\/","og_site_name":"G\u00e9oparc du Chablais","article_modified_time":"2021-07-07T13:46:51+00:00","og_image":[{"width":1920,"height":1080,"url":"https:\/\/www.geoparc-chablais.com\/app\/uploads\/2020\/07\/Vue-de-la-vall\u00e9e-dAbondance-jusqu\u00e0-Ch\u00e2tel.jpg","type":"image\/jpeg"}],"twitter_card":"summary_large_image","twitter_misc":{"Est. reading time":"1 minute"},"schema":{"@context":"https:\/\/schema.org","@graph":[{"@type":"WebPage","@id":"https:\/\/www.geoparc-chablais.com\/en\/what-is-a-geopark\/the-global-european-and-french-networks\/","url":"https:\/\/www.geoparc-chablais.com\/en\/what-is-a-geopark\/the-global-european-and-french-networks\/","name":"The global, European, and French networks - G\u00e9oparc du Chablais","isPartOf":{"@id":"https:\/\/www.geoparc-chablais.com\/en\/#website"},"primaryImageOfPage":{"@id":"https:\/\/www.geoparc-chablais.com\/en\/what-is-a-geopark\/the-global-european-and-french-networks\/#primaryimage"},"image":{"@id":"https:\/\/www.geoparc-chablais.com\/en\/what-is-a-geopark\/the-global-european-and-french-networks\/#primaryimage"},"thumbnailUrl":"https:\/\/www.geoparc-chablais.com\/app\/uploads\/2020\/07\/Vue-de-la-vall\u00e9e-dAbondance-jusqu\u00e0-Ch\u00e2tel.jpg","datePublished":"2021-01-07T10:41:00+00:00","dateModified":"2021-07-07T13:46:51+00:00","breadcrumb":{"@id":"https:\/\/www.geoparc-chablais.com\/en\/what-is-a-geopark\/the-global-european-and-french-networks\/#breadcrumb"},"inLanguage":"en-US","potentialAction":[{"@type":"ReadAction","target":["https:\/\/www.geoparc-chablais.com\/en\/what-is-a-geopark\/the-global-european-and-french-networks\/"]}]},{"@type":"ImageObject","inLanguage":"en-US","@id":"https:\/\/www.geoparc-chablais.com\/en\/what-is-a-geopark\/the-global-european-and-french-networks\/#primaryimage","url":"https:\/\/www.geoparc-chablais.com\/app\/uploads\/2020\/07\/Vue-de-la-vall\u00e9e-dAbondance-jusqu\u00e0-Ch\u00e2tel.jpg","contentUrl":"https:\/\/www.geoparc-chablais.com\/app\/uploads\/2020\/07\/Vue-de-la-vall\u00e9e-dAbondance-jusqu\u00e0-Ch\u00e2tel.jpg","width":1920,"height":1080,"caption":"OLYMPUS DIGITAL CAMERA"},{"@type":"BreadcrumbList","@id":"https:\/\/www.geoparc-chablais.com\/en\/what-is-a-geopark\/the-global-european-and-french-networks\/#breadcrumb","itemListElement":[{"@type":"ListItem","position":1,"name":"Homepage","item":"https:\/\/www.geoparc-chablais.com\/en\/"},{"@type":"ListItem","position":2,"name":"What is a Geopark ?","item":"https:\/\/www.geoparc-chablais.com\/en\/what-is-a-geopark\/"},{"@type":"ListItem","position":3,"name":"The global, European, and French networks"}]},{"@type":"WebSite","@id":"https:\/\/www.geoparc-chablais.com\/en\/#website","url":"https:\/\/www.geoparc-chablais.com\/en\/","name":"G\u00e9oparc du Chablais","description":"","publisher":{"@id":"https:\/\/www.geoparc-chablais.com\/en\/#organization"},"potentialAction":[{"@type":"SearchAction","target":{"@type":"EntryPoint","urlTemplate":"https:\/\/www.geoparc-chablais.com\/en\/?s={search_term_string}"},"query-input":{"@type":"PropertyValueSpecification","valueRequired":true,"valueName":"search_term_string"}}],"inLanguage":"en-US"},{"@type":"Organization","@id":"https:\/\/www.geoparc-chablais.com\/en\/#organization","name":"G\u00e9oparc du Chablais","url":"https:\/\/www.geoparc-chablais.com\/en\/","logo":{"@type":"ImageObject","inLanguage":"en-US","@id":"https:\/\/www.geoparc-chablais.com\/en\/#\/schema\/logo\/image\/","url":"https:\/\/www.geoparc-chablais.com\/app\/uploads\/2022\/01\/2021_logoGeoparc_UnescoMondial_Color.png","contentUrl":"https:\/\/www.geoparc-chablais.com\/app\/uploads\/2022\/01\/2021_logoGeoparc_UnescoMondial_Color.png","width":1833,"height":628,"caption":"G\u00e9oparc du Chablais"},"image":{"@id":"https:\/\/www.geoparc-chablais.com\/en\/#\/schema\/logo\/image\/"}}]}},"featured_image_src":"https:\/\/www.geoparc-chablais.com\/app\/uploads\/2020\/07\/Vue-de-la-vall\u00e9e-dAbondance-jusqu\u00e0-Ch\u00e2tel.jpg","featured_image_src_square":"https:\/\/www.geoparc-chablais.com\/app\/uploads\/2020\/07\/Vue-de-la-vall\u00e9e-dAbondance-jusqu\u00e0-Ch\u00e2tel.jpg","_links":{"self":[{"href":"https:\/\/www.geoparc-chablais.com\/en\/wp-json\/wp\/v2\/pages\/6948","targetHints":{"allow":["GET"]}}],"collection":[{"href":"https:\/\/www.geoparc-chablais.com\/en\/wp-json\/wp\/v2\/pages"}],"about":[{"href":"https:\/\/www.geoparc-chablais.com\/en\/wp-json\/wp\/v2\/types\/page"}],"author":[{"embeddable":true,"href":"https:\/\/www.geoparc-chablais.com\/en\/wp-json\/wp\/v2\/users\/3"}],"replies":[{"embeddable":true,"href":"https:\/\/www.geoparc-chablais.com\/en\/wp-json\/wp\/v2\/comments?post=6948"}],"version-history":[{"count":5,"href":"https:\/\/www.geoparc-chablais.com\/en\/wp-json\/wp\/v2\/pages\/6948\/revisions"}],"predecessor-version":[{"id":8182,"href":"https:\/\/www.geoparc-chablais.com\/en\/wp-json\/wp\/v2\/pages\/6948\/revisions\/8182"}],"up":[{"embeddable":true,"href":"https:\/\/www.geoparc-chablais.com\/en\/wp-json\/wp\/v2\/pages\/7038"}],"wp:featuredmedia":[{"embeddable":true,"href":"https:\/\/www.geoparc-chablais.com\/en\/wp-json\/wp\/v2\/media\/3148"}],"wp:attachment":[{"href":"https:\/\/www.geoparc-chablais.com\/en\/wp-json\/wp\/v2\/media?parent=6948"}],"curies":[{"name":"wp","href":"https:\/\/api.w.org\/{rel}","templated":true}]}}