{"id":3231,"date":"2020-07-31T16:14:19","date_gmt":"2020-07-31T14:14:19","guid":{"rendered":"https:\/\/www.geoparc-chablais.com\/?page_id=3231"},"modified":"2021-07-07T15:46:49","modified_gmt":"2021-07-07T13:46:49","slug":"geopark-highlights","status":"publish","type":"page","link":"https:\/\/www.geoparc-chablais.com\/en\/explore\/geopark-highlights\/","title":{"rendered":"Geopark Highlights"},"content":{"rendered":"<div class=\"block block-genesis-custom-blocks-introduction\"><div class=\"introduction\"><p>Admire the Mont Blanc and Lake Geneva at sunset. Stroll by one of the Counts of Savoy\u2019s most beautiful residences. Walk along the shore of a mountain lake. Discover the history of the slate quarries&#8230;<\/p>\n<\/div><\/div>\n\n<div class=\"block block-lba-apidae-selection\">\r\n\r\n<section>\r\n            <!--BEGIN TEMPLATE selection-mode-carte.php -->\n<!--BEGIN FILTER -->\n    <form class=\"row form-inline\" action=\"\" method=\"GET\">\n                    \n                <div class=\"col\">\n                    <select class=\"form-control w-100 filter-map\" id=\"CritereInterne\" data-type=\"CritereInterne\"\n                            name=\"CritereInterne\" multiple=\"multiple\" data-text=\"Nature of the site\">\n                                                    <option value=\"16993\" selected>Marsh <\/option>\n                                                    <option value=\"16994\" selected>Lakes <\/option>\n                                                    <option value=\"16996\" selected>Geological curiosity <\/option>\n                                                    <option value=\"16995\" selected>Panoramic view <\/option>\n                                                    <option value=\"16992\" selected>Discovery trail <\/option>\n                                            <\/select>\n\n                                                                        <select class=\"form-control geosites other-pages\">\n                                <option selected>Geopark Highlights<\/option>\n                                                                    <option value=\"413\" data-link=\"https:\/\/www.geoparc-chablais.com\/explorer-le-chablais\/visites-partenaires\/\">Places to visit<\/option>\n                                                            <\/select>\n                                        <\/div>\n                        <\/form>\n<!--BEGIN FILTER -->\n\n<!--BEGIN ITEMS APIDAE -->\n\n    <script id=\"template-list\" type=\"x-tmpl-mustache\">\n        {{#list}}\n            <div class=\"list-group-item item-carte\" data-id=\"{{id}}\" data-lat=\"{{latitude}}\" data-picto=\"{{picto}}\" data-lng=\"{{longitude}}\">\n                <div class=\"visual\">\n                    <img decoding=\"async\" src=\"{{illustration}}\" class=\"w-100\"\n                            alt=\"{{nom}}\">\n                <\/div>\n                <div class=\"card-block\">\n                    <h2 class=\"card-title\">\n                        {{#isOt}}\n                            {{nom}}\n                        {{\/isOt}}\n                        {{^isOt}}\n                            <a href=\"{{linkDetails}}?page=0\">{{nom}}<\/a>\n                        {{\/isOt}}                        \n                    <\/h2>\n                    {{#isOt}}                        \n                        <p class=\"address\">{{{address}}}<\/p>\n                        <p class=\"tel\"><a href=\"tel:{{tel}}\">{{tel}}<\/a><\/p>\n                        <p class=\"email\"><a href=\"mailto:{{email}}\">{{email}}<\/a><\/p>\n                        <p class=\"website\"><a href=\"{{website}}\" target=\"_blank\">{{website}}<\/a><\/p>\n                    {{\/isOt}}\n                    {{^isOt}}\n                        <p class=\"classement\">{{type}}<\/p>\n                        <p class=\"card-text\">{{descriptifCourt}}<\/p>\n                        <p class=\"commune\">{{commune}}<\/p>\n                    {{\/isOt}}                    \n                <\/div>\n                {{^isOt}}\n                    <a href=\"{{linkDetails}}?page=0\" class=\"btn\">See details<\/a>\n                {{\/isOt}}\n            <\/div>\n        {{\/list}}\n    <\/script>  \n    <div class=\"map-liste\">\n        <div class=\"map-wrapper\">\n            <div class=\"map\" id=\"MapContainerGlobal\" data-latitude=\"46.1553342\" data-longitude=\"6.6220767\">\n            <\/div>\n        <\/div>\n        <div class=\"liste\">\n            <div class=\"list-group loader\" id=\"target\">\n                <div class=\"lds-roller\"><div><\/div><div><\/div><div><\/div><div><\/div><div><\/div><div><\/div><div><\/div><div><\/div><\/div>\n            <\/div>\n            <div class=\"d-flex justify-content-center\">\n                <button class=\"btn btn-primary more-items hide-item\">\n                    Show more results                   \n                <\/button>\n            <\/div>\n            <p class=\"alert alert-info hide-item\">Aucun \u00e9l\u00e9ment trouv\u00e9..!<\/p>\n        <\/div>\n    <\/div> \n    \n\n<!--END ITEMS APIDAE -->\n<!--END TEMPLATE selection-mode-carte.php -->\n\n<script>\n    window['languageMap'] = \"fr\";\n    window['selectionMap'] = \"86093\";\n\n    window['aspectMap'] = \"\";\n    window['sortMap'] = \"NOM\";\n\n    window['loadAll'] = true;\n\n    window['startMap'] = 0;\n    window['maxMap'] = 120;\n    \n\n    window['totalMap'] = 0;\n    window['pageId'] = '0';\n\n    window['totalShow'] = 0;\n\n    window['lang'] = 'en';\n    window['currentPage'] = 1;\n    window['countThumb'] = 6;\n    window['totalPagination'] = 0;\n<\/script>    <\/section>\r\n<\/div>\n\n<div class=\"block block-core-spacer\">\n<div style=\"height:100px\" aria-hidden=\"true\" class=\"wp-block-spacer\"><\/div>\n<\/div>","protected":false},"excerpt":{"rendered":"","protected":false},"author":3,"featured_media":1125,"parent":935,"menu_order":0,"comment_status":"closed","ping_status":"closed","template":"page-full.php","meta":{"_acf_changed":false,"_monsterinsights_skip_tracking":false,"_monsterinsights_sitenote_active":false,"_monsterinsights_sitenote_note":"","_monsterinsights_sitenote_category":0,"footnotes":""},"class_list":["post-3231","page","type-page","status-publish","has-post-thumbnail","hentry"],"acf":[],"yoast_head":"<!-- This site is optimized with the Yoast SEO plugin v24.7 - https:\/\/yoast.com\/wordpress\/plugins\/seo\/ -->\n<title>Chablais UNESCO Global Geopak - Geopark Hightlights<\/title>\n<meta name=\"description\" content=\"Visit the highlights of the Chablais UNESCO Global Geopark, discover the origins of the Alps, and an exceptionnal geological heritage.\" \/>\n<meta name=\"robots\" content=\"index, follow, max-snippet:-1, max-image-preview:large, max-video-preview:-1\" \/>\n<link rel=\"canonical\" href=\"https:\/\/www.geoparc-chablais.com\/en\/explore\/geopark-highlights\/\" \/>\n<meta property=\"og:locale\" content=\"en_US\" \/>\n<meta property=\"og:type\" content=\"article\" \/>\n<meta property=\"og:title\" content=\"Chablais UNESCO Global Geopak - Geopark Hightlights\" \/>\n<meta property=\"og:description\" content=\"Visit the highlights of the Chablais UNESCO Global Geopark, discover the origins of the Alps, and an exceptionnal geological heritage.\" \/>\n<meta property=\"og:url\" content=\"https:\/\/www.geoparc-chablais.com\/en\/explore\/geopark-highlights\/\" \/>\n<meta property=\"og:site_name\" content=\"G\u00e9oparc du Chablais\" \/>\n<meta property=\"article:modified_time\" content=\"2021-07-07T13:46:49+00:00\" \/>\n<meta property=\"og:image\" content=\"https:\/\/www.geoparc-chablais.com\/app\/uploads\/2020\/06\/Lac-de-Vallon.jpg\" \/>\n\t<meta property=\"og:image:width\" content=\"1920\" \/>\n\t<meta property=\"og:image:height\" content=\"1080\" \/>\n\t<meta property=\"og:image:type\" content=\"image\/jpeg\" \/>\n<meta name=\"twitter:card\" content=\"summary_large_image\" \/>\n<script type=\"application\/ld+json\" class=\"yoast-schema-graph\">{\"@context\":\"https:\/\/schema.org\",\"@graph\":[{\"@type\":\"WebPage\",\"@id\":\"https:\/\/www.geoparc-chablais.com\/en\/explore\/geopark-highlights\/\",\"url\":\"https:\/\/www.geoparc-chablais.com\/en\/explore\/geopark-highlights\/\",\"name\":\"Chablais UNESCO Global Geopak - Geopark Hightlights\",\"isPartOf\":{\"@id\":\"https:\/\/www.geoparc-chablais.com\/en\/#website\"},\"primaryImageOfPage\":{\"@id\":\"https:\/\/www.geoparc-chablais.com\/en\/explore\/geopark-highlights\/#primaryimage\"},\"image\":{\"@id\":\"https:\/\/www.geoparc-chablais.com\/en\/explore\/geopark-highlights\/#primaryimage\"},\"thumbnailUrl\":\"https:\/\/www.geoparc-chablais.com\/app\/uploads\/2020\/06\/Lac-de-Vallon.jpg\",\"datePublished\":\"2020-07-31T14:14:19+00:00\",\"dateModified\":\"2021-07-07T13:46:49+00:00\",\"description\":\"Visit the highlights of the Chablais UNESCO Global Geopark, discover the origins of the Alps, and an exceptionnal geological heritage.\",\"breadcrumb\":{\"@id\":\"https:\/\/www.geoparc-chablais.com\/en\/explore\/geopark-highlights\/#breadcrumb\"},\"inLanguage\":\"en-US\",\"potentialAction\":[{\"@type\":\"ReadAction\",\"target\":[\"https:\/\/www.geoparc-chablais.com\/en\/explore\/geopark-highlights\/\"]}]},{\"@type\":\"ImageObject\",\"inLanguage\":\"en-US\",\"@id\":\"https:\/\/www.geoparc-chablais.com\/en\/explore\/geopark-highlights\/#primaryimage\",\"url\":\"https:\/\/www.geoparc-chablais.com\/app\/uploads\/2020\/06\/Lac-de-Vallon.jpg\",\"contentUrl\":\"https:\/\/www.geoparc-chablais.com\/app\/uploads\/2020\/06\/Lac-de-Vallon.jpg\",\"width\":1920,\"height\":1080,\"caption\":\"Au bord du lac de Vallon\"},{\"@type\":\"BreadcrumbList\",\"@id\":\"https:\/\/www.geoparc-chablais.com\/en\/explore\/geopark-highlights\/#breadcrumb\",\"itemListElement\":[{\"@type\":\"ListItem\",\"position\":1,\"name\":\"Homepage\",\"item\":\"https:\/\/www.geoparc-chablais.com\/en\/\"},{\"@type\":\"ListItem\",\"position\":2,\"name\":\"Explore\",\"item\":\"https:\/\/www.geoparc-chablais.com\/en\/explore\/\"},{\"@type\":\"ListItem\",\"position\":3,\"name\":\"Geopark Highlights\"}]},{\"@type\":\"WebSite\",\"@id\":\"https:\/\/www.geoparc-chablais.com\/en\/#website\",\"url\":\"https:\/\/www.geoparc-chablais.com\/en\/\",\"name\":\"G\u00e9oparc du Chablais\",\"description\":\"\",\"publisher\":{\"@id\":\"https:\/\/www.geoparc-chablais.com\/en\/#organization\"},\"potentialAction\":[{\"@type\":\"SearchAction\",\"target\":{\"@type\":\"EntryPoint\",\"urlTemplate\":\"https:\/\/www.geoparc-chablais.com\/en\/?s={search_term_string}\"},\"query-input\":{\"@type\":\"PropertyValueSpecification\",\"valueRequired\":true,\"valueName\":\"search_term_string\"}}],\"inLanguage\":\"en-US\"},{\"@type\":\"Organization\",\"@id\":\"https:\/\/www.geoparc-chablais.com\/en\/#organization\",\"name\":\"G\u00e9oparc du Chablais\",\"url\":\"https:\/\/www.geoparc-chablais.com\/en\/\",\"logo\":{\"@type\":\"ImageObject\",\"inLanguage\":\"en-US\",\"@id\":\"https:\/\/www.geoparc-chablais.com\/en\/#\/schema\/logo\/image\/\",\"url\":\"https:\/\/www.geoparc-chablais.com\/app\/uploads\/2022\/01\/2021_logoGeoparc_UnescoMondial_Color.png\",\"contentUrl\":\"https:\/\/www.geoparc-chablais.com\/app\/uploads\/2022\/01\/2021_logoGeoparc_UnescoMondial_Color.png\",\"width\":1833,\"height\":628,\"caption\":\"G\u00e9oparc du Chablais\"},\"image\":{\"@id\":\"https:\/\/www.geoparc-chablais.com\/en\/#\/schema\/logo\/image\/\"}}]}<\/script>\n<!-- \/ Yoast SEO plugin. -->","yoast_head_json":{"title":"Chablais UNESCO Global Geopak - Geopark Hightlights","description":"Visit the highlights of the Chablais UNESCO Global Geopark, discover the origins of the Alps, and an exceptionnal geological heritage.","robots":{"index":"index","follow":"follow","max-snippet":"max-snippet:-1","max-image-preview":"max-image-preview:large","max-video-preview":"max-video-preview:-1"},"canonical":"https:\/\/www.geoparc-chablais.com\/en\/explore\/geopark-highlights\/","og_locale":"en_US","og_type":"article","og_title":"Chablais UNESCO Global Geopak - Geopark Hightlights","og_description":"Visit the highlights of the Chablais UNESCO Global Geopark, discover the origins of the Alps, and an exceptionnal geological heritage.","og_url":"https:\/\/www.geoparc-chablais.com\/en\/explore\/geopark-highlights\/","og_site_name":"G\u00e9oparc du Chablais","article_modified_time":"2021-07-07T13:46:49+00:00","og_image":[{"width":1920,"height":1080,"url":"https:\/\/www.geoparc-chablais.com\/app\/uploads\/2020\/06\/Lac-de-Vallon.jpg","type":"image\/jpeg"}],"twitter_card":"summary_large_image","schema":{"@context":"https:\/\/schema.org","@graph":[{"@type":"WebPage","@id":"https:\/\/www.geoparc-chablais.com\/en\/explore\/geopark-highlights\/","url":"https:\/\/www.geoparc-chablais.com\/en\/explore\/geopark-highlights\/","name":"Chablais UNESCO Global Geopak - Geopark Hightlights","isPartOf":{"@id":"https:\/\/www.geoparc-chablais.com\/en\/#website"},"primaryImageOfPage":{"@id":"https:\/\/www.geoparc-chablais.com\/en\/explore\/geopark-highlights\/#primaryimage"},"image":{"@id":"https:\/\/www.geoparc-chablais.com\/en\/explore\/geopark-highlights\/#primaryimage"},"thumbnailUrl":"https:\/\/www.geoparc-chablais.com\/app\/uploads\/2020\/06\/Lac-de-Vallon.jpg","datePublished":"2020-07-31T14:14:19+00:00","dateModified":"2021-07-07T13:46:49+00:00","description":"Visit the highlights of the Chablais UNESCO Global Geopark, discover the origins of the Alps, and an exceptionnal geological heritage.","breadcrumb":{"@id":"https:\/\/www.geoparc-chablais.com\/en\/explore\/geopark-highlights\/#breadcrumb"},"inLanguage":"en-US","potentialAction":[{"@type":"ReadAction","target":["https:\/\/www.geoparc-chablais.com\/en\/explore\/geopark-highlights\/"]}]},{"@type":"ImageObject","inLanguage":"en-US","@id":"https:\/\/www.geoparc-chablais.com\/en\/explore\/geopark-highlights\/#primaryimage","url":"https:\/\/www.geoparc-chablais.com\/app\/uploads\/2020\/06\/Lac-de-Vallon.jpg","contentUrl":"https:\/\/www.geoparc-chablais.com\/app\/uploads\/2020\/06\/Lac-de-Vallon.jpg","width":1920,"height":1080,"caption":"Au bord du lac de Vallon"},{"@type":"BreadcrumbList","@id":"https:\/\/www.geoparc-chablais.com\/en\/explore\/geopark-highlights\/#breadcrumb","itemListElement":[{"@type":"ListItem","position":1,"name":"Homepage","item":"https:\/\/www.geoparc-chablais.com\/en\/"},{"@type":"ListItem","position":2,"name":"Explore","item":"https:\/\/www.geoparc-chablais.com\/en\/explore\/"},{"@type":"ListItem","position":3,"name":"Geopark Highlights"}]},{"@type":"WebSite","@id":"https:\/\/www.geoparc-chablais.com\/en\/#website","url":"https:\/\/www.geoparc-chablais.com\/en\/","name":"G\u00e9oparc du Chablais","description":"","publisher":{"@id":"https:\/\/www.geoparc-chablais.com\/en\/#organization"},"potentialAction":[{"@type":"SearchAction","target":{"@type":"EntryPoint","urlTemplate":"https:\/\/www.geoparc-chablais.com\/en\/?s={search_term_string}"},"query-input":{"@type":"PropertyValueSpecification","valueRequired":true,"valueName":"search_term_string"}}],"inLanguage":"en-US"},{"@type":"Organization","@id":"https:\/\/www.geoparc-chablais.com\/en\/#organization","name":"G\u00e9oparc du Chablais","url":"https:\/\/www.geoparc-chablais.com\/en\/","logo":{"@type":"ImageObject","inLanguage":"en-US","@id":"https:\/\/www.geoparc-chablais.com\/en\/#\/schema\/logo\/image\/","url":"https:\/\/www.geoparc-chablais.com\/app\/uploads\/2022\/01\/2021_logoGeoparc_UnescoMondial_Color.png","contentUrl":"https:\/\/www.geoparc-chablais.com\/app\/uploads\/2022\/01\/2021_logoGeoparc_UnescoMondial_Color.png","width":1833,"height":628,"caption":"G\u00e9oparc du Chablais"},"image":{"@id":"https:\/\/www.geoparc-chablais.com\/en\/#\/schema\/logo\/image\/"}}]}},"featured_image_src":"https:\/\/www.geoparc-chablais.com\/app\/uploads\/2020\/06\/Lac-de-Vallon.jpg","featured_image_src_square":"https:\/\/www.geoparc-chablais.com\/app\/uploads\/2020\/06\/Lac-de-Vallon.jpg","_links":{"self":[{"href":"https:\/\/www.geoparc-chablais.com\/en\/wp-json\/wp\/v2\/pages\/3231","targetHints":{"allow":["GET"]}}],"collection":[{"href":"https:\/\/www.geoparc-chablais.com\/en\/wp-json\/wp\/v2\/pages"}],"about":[{"href":"https:\/\/www.geoparc-chablais.com\/en\/wp-json\/wp\/v2\/types\/page"}],"author":[{"embeddable":true,"href":"https:\/\/www.geoparc-chablais.com\/en\/wp-json\/wp\/v2\/users\/3"}],"replies":[{"embeddable":true,"href":"https:\/\/www.geoparc-chablais.com\/en\/wp-json\/wp\/v2\/comments?post=3231"}],"version-history":[{"count":5,"href":"https:\/\/www.geoparc-chablais.com\/en\/wp-json\/wp\/v2\/pages\/3231\/revisions"}],"predecessor-version":[{"id":8178,"href":"https:\/\/www.geoparc-chablais.com\/en\/wp-json\/wp\/v2\/pages\/3231\/revisions\/8178"}],"up":[{"embeddable":true,"href":"https:\/\/www.geoparc-chablais.com\/en\/wp-json\/wp\/v2\/pages\/935"}],"wp:featuredmedia":[{"embeddable":true,"href":"https:\/\/www.geoparc-chablais.com\/en\/wp-json\/wp\/v2\/media\/1125"}],"wp:attachment":[{"href":"https:\/\/www.geoparc-chablais.com\/en\/wp-json\/wp\/v2\/media?parent=3231"}],"curies":[{"name":"wp","href":"https:\/\/api.w.org\/{rel}","templated":true}]}}